{"id":80,"date":"2023-11-18T19:39:27","date_gmt":"2023-11-18T19:39:27","guid":{"rendered":"https:\/\/atelierambeli.de\/?page_id=80"},"modified":"2023-11-18T19:39:27","modified_gmt":"2023-11-18T19:39:27","slug":"impressum-2","status":"publish","type":"page","link":"https:\/\/atelierambeli.de\/?page_id=80","title":{"rendered":"Impressum"},"content":{"rendered":"\n<p>Sarah Arnold<br>L\u00fctjenburger Stra\u00dfe 36<br>24306 Pl\u00f6n<br>Deutschland<\/p>\n\n\n\n<p>Tel.: 045227611237<br>E-Mail: hallo@atelierambeli.de<\/p>\n\n\n\n<p>USt. wird nicht ausgewiesen (Kleinunternehmerregelung)<\/p>\n\n\n\n<p>Plattform der EU-Kommission zur Online-Streitbeilegung:&nbsp;<a target=\"_blank\" href=\"https:\/\/ec.europa.eu\/odr\" rel=\"noreferrer noopener\">https:\/\/ec.europa.eu\/odr<\/a><\/p>\n\n\n\n<p class=\"has-body-text-color has-text-color has-link-color wp-elements-6944aacac9d30076d17b8d1ecaf69b38\">Wir sind zur Teilnahme an einem Streitbeilegungsverfahren vor einer Verbraucherschlichtungsstelle weder verpflichtet noch bereit.<\/p>\n","protected":false},"excerpt":{"rendered":"<p>Sarah ArnoldL\u00fctjenburger Stra\u00dfe 3624306 Pl\u00f6nDeutschland Tel.: 045227611237E-Mail: hallo@atelierambeli.de USt. wird nicht ausgewiesen (Kleinunternehmerregelung) Plattform der EU-Kommission zur Online-Streitbeilegung:&nbsp;https:\/\/ec.europa.eu\/odr Wir sind zur Teilnahme an einem Streitbeilegungsverfahren vor einer Verbraucherschlichtungsstelle weder verpflichtet noch bereit.<\/p>\n","protected":false},"author":1,"featured_media":0,"parent":0,"menu_order":0,"comment_status":"closed","ping_status":"closed","template":"","meta":{"footnotes":""},"_links":{"self":[{"href":"https:\/\/atelierambeli.de\/index.php?rest_route=\/wp\/v2\/pages\/80"}],"collection":[{"href":"https:\/\/atelierambeli.de\/index.php?rest_route=\/wp\/v2\/pages"}],"about":[{"href":"https:\/\/atelierambeli.de\/index.php?rest_route=\/wp\/v2\/types\/page"}],"author":[{"embeddable":true,"href":"https:\/\/atelierambeli.de\/index.php?rest_route=\/wp\/v2\/users\/1"}],"replies":[{"embeddable":true,"href":"https:\/\/atelierambeli.de\/index.php?rest_route=%2Fwp%2Fv2%2Fcomments&post=80"}],"version-history":[{"count":1,"href":"https:\/\/atelierambeli.de\/index.php?rest_route=\/wp\/v2\/pages\/80\/revisions"}],"predecessor-version":[{"id":81,"href":"https:\/\/atelierambeli.de\/index.php?rest_route=\/wp\/v2\/pages\/80\/revisions\/81"}],"wp:attachment":[{"href":"https:\/\/atelierambeli.de\/index.php?rest_route=%2Fwp%2Fv2%2Fmedia&parent=80"}],"curies":[{"name":"wp","href":"https:\/\/api.w.org\/{rel}","templated":true}]}}